{"id":1312,"date":"2021-05-19T10:11:41","date_gmt":"2021-05-19T08:11:41","guid":{"rendered":"https:\/\/jeromederieux.fr\/wordpress\/?page_id=1312"},"modified":"2023-01-22T22:02:57","modified_gmt":"2023-01-22T21:02:57","slug":"sommaire","status":"publish","type":"page","link":"https:\/\/jeromederieux.fr\/cmjn\/","title":{"rendered":""},"content":{"rendered":"<div class=\"wp-block-image\">\n<figure class=\"aligncenter size-large is-resized\"><img loading=\"lazy\" decoding=\"async\" src=\"https:\/\/jeromederieux.fr\/cmjn\/wp-content\/uploads\/2021\/06\/Logo-1.png\" alt=\"\" class=\"wp-image-1937\" width=\"273\" height=\"85\" srcset=\"https:\/\/jeromederieux.fr\/cmjn\/wp-content\/uploads\/2021\/06\/Logo-1.png 659w, https:\/\/jeromederieux.fr\/cmjn\/wp-content\/uploads\/2021\/06\/Logo-1-300x94.png 300w\" sizes=\"auto, (max-width: 273px) 100vw, 273px\" \/><\/figure><\/div>\n\n\n<div style=\"height:100px\" aria-hidden=\"true\" class=\"wp-block-spacer\"><\/div>\n\n\n\n<p><a href=\"https:\/\/jeromederieux.fr\/cmjn\/introduction\/\">Introduction<\/a><\/p>\n\n\n\n<p><a href=\"https:\/\/jeromederieux.fr\/cmjn\/quels-articles-pour-commencer\/\">Quels articles pour commencer ?<\/a><\/p>\n\n\n\n<p><a href=\"https:\/\/jeromederieux.fr\/cmjn\/creer-un-document-imprimable-avec-des-logiciels-libres\/\">Cr\u00e9er des documents imprimables avec les logiciels libres<\/a><\/p>\n\n\n\n<h2 class=\"wp-block-heading\">Couleur<\/h2>\n\n\n\n<p><a href=\"https:\/\/jeromederieux.fr\/cmjn\/rvb-et-cmjn\/\">Reproduire les couleurs &#8211; Modes RVB et CMJN<\/a><\/p>\n\n\n\n<p><a href=\"https:\/\/jeromederieux.fr\/cmjn\/rvb-et-cmjn-la-pratique\/\">Modes RVB et CMJN en pratique<\/a><\/p>\n\n\n\n<p><a href=\"https:\/\/jeromederieux.fr\/cmjn\/prerequis-concernant-les-couleurs-2\/\">Etre s\u00fbr du rendu des couleurs \u2013 Espaces colorim\u00e9triques et profils ICC<\/a><\/p>\n\n\n\n<p><a href=\"https:\/\/jeromederieux.fr\/cmjn\/gestion-de-la-couleur-avec-gimp\/\">R\u00e9glage de la gestion des couleurs dans Gimp<\/a><\/p>\n\n\n\n<p><a href=\"https:\/\/jeromederieux.fr\/cmjn\/reglage-de-la-gestion-des-couleurs-dans-scribus\/\">R\u00e9glage  de la gestion  des couleurs dans Scribus<\/a><\/p>\n\n\n\n<p><a href=\"https:\/\/jeromederieux.fr\/cmjn\/reglage-de-la-gestion-des-couleurs-dans-inkscape\/\">R\u00e9glage de la gestion des couleurs dans Inkscape<\/a><\/p>\n\n\n\n<p><a href=\"https:\/\/jeromederieux.fr\/cmjn\/calibrer-son-ecran\/\">Calibrer son \u00e9cran<\/a><\/p>\n\n\n\n<h2 class=\"wp-block-heading\">R\u00e9solution<\/h2>\n\n\n\n<p><a href=\"https:\/\/jeromederieux.fr\/cmjn\/images-et-resolution-la-theorie\/\">Images et r\u00e9solution \u2013 La th\u00e9orie<\/a><\/p>\n\n\n\n<p><a href=\"https:\/\/jeromederieux.fr\/cmjn\/images-et-resolution-la-pratique\/\">Images et r\u00e9solution \u2013 La pratique<\/a><\/p>\n\n\n\n<h2 class=\"wp-block-heading\">Pr\u00e9presse<\/h2>\n\n\n\n<p><a href=\"https:\/\/jeromederieux.fr\/cmjn\/fond-perdu-et-reperes\/\">Fond perdu et rep\u00e8res<\/a><\/p>\n\n\n\n<p><a href=\"https:\/\/jeromederieux.fr\/cmjn\/exporter-un-pdf-dimpression-depuis-scribus\/\">Exporter un PDF d&rsquo;impression depuis Scribus<\/a><\/p>\n\n\n\n<h2 class=\"wp-block-heading\">Astuces<\/h2>\n\n\n\n<p><a href=\"https:\/\/jeromederieux.fr\/cmjn\/convertir-une-image-rvb-en-cmjn\/\" target=\"_blank\" rel=\"noreferrer noopener\">Convertir une image RVB en CMJN<\/a><\/p>\n\n\n\n<p><a href=\"https:\/\/jeromederieux.fr\/cmjn\/vectoriser-avec-gimp\/\">Vectoriser avec Gimp<\/a><\/p>\n\n\n\n<p><a href=\"https:\/\/jeromederieux.fr\/cmjn\/inkscape-exporter-en-cmjn\/\">Inkscape, exporter en CMJN<\/a><\/p>\n\n\n\n<h2 class=\"wp-block-heading\">R\u00e9alisations<\/h2>\n\n\n\n<p><a href=\"https:\/\/jeromederieux.fr\/cmjn\/realisation-1\/\">R\u00e9alisation &#8211; 1<\/a><\/p>\n\n\n\n<h2 class=\"wp-block-heading\">Ressources<\/h2>\n\n\n\n<p><a href=\"https:\/\/jeromederieux.fr\/cmjn\/bibliographie\/\">Bibliographie<\/a><\/p>\n\n\n\n<p><a href=\"https:\/\/jeromederieux.fr\/cmjn\/derniers-commentaires-questions\/\" target=\"_blank\" rel=\"noreferrer noopener\">Derniers commentaires \/ Questions<\/a><\/p>\n","protected":false},"excerpt":{"rendered":"<p>Introduction Quels articles pour commencer ? Cr\u00e9er des documents imprimables avec les logiciels libres Couleur Reproduire les couleurs &#8211; Modes RVB et CMJN Modes RVB et CMJN en pratique Etre s\u00fbr du rendu des couleurs \u2013 Espaces colorim\u00e9triques et profils ICC R\u00e9glage de la gestion des couleurs dans Gimp R\u00e9glage de la gestion des couleurs [&hellip;]<\/p>\n","protected":false},"author":1,"featured_media":0,"parent":0,"menu_order":0,"comment_status":"closed","ping_status":"closed","template":"","meta":{"footnotes":""},"class_list":["post-1312","page","type-page","status-publish","hentry"],"yoast_head":"<!-- This site is optimized with the Yoast SEO plugin v27.5 - https:\/\/yoast.com\/product\/yoast-seo-wordpress\/ -->\n<title>- cmjn<\/title>\n<meta name=\"description\" content=\"La PAO avec Gimp, Inkscape et Scribus. Les conseils et l&#039;exp\u00e9rience d&#039;un professionnel 100% libre.\" \/>\n<meta name=\"robots\" content=\"noindex, follow\" \/>\n<meta property=\"og:locale\" content=\"fr_FR\" \/>\n<meta property=\"og:type\" content=\"article\" \/>\n<meta property=\"og:title\" content=\"- cmjn\" \/>\n<meta property=\"og:description\" content=\"La PAO avec Gimp, Inkscape et Scribus. Les conseils et l&#039;exp\u00e9rience d&#039;un professionnel 100% libre.\" \/>\n<meta property=\"og:url\" content=\"https:\/\/jeromederieux.fr\/cmjn\/\" \/>\n<meta property=\"og:site_name\" content=\"cmjn\" \/>\n<meta property=\"article:modified_time\" content=\"2023-01-22T21:02:57+00:00\" \/>\n<meta property=\"og:image\" content=\"https:\/\/jeromederieux.fr\/cmjn\/wp-content\/uploads\/2021\/06\/Logo-1.png\" \/>\n<meta name=\"twitter:card\" content=\"summary_large_image\" \/>\n<meta name=\"twitter:label1\" content=\"Dur\u00e9e de lecture estim\u00e9e\" \/>\n\t<meta name=\"twitter:data1\" content=\"1 minute\" \/>\n<script type=\"application\/ld+json\" class=\"yoast-schema-graph\">{\"@context\":\"https:\\\/\\\/schema.org\",\"@graph\":[{\"@type\":\"WebPage\",\"@id\":\"https:\\\/\\\/jeromederieux.fr\\\/cmjn\\\/\",\"url\":\"https:\\\/\\\/jeromederieux.fr\\\/cmjn\\\/\",\"name\":\"- cmjn\",\"isPartOf\":{\"@id\":\"https:\\\/\\\/jeromederieux.fr\\\/cmjn\\\/#website\"},\"primaryImageOfPage\":{\"@id\":\"https:\\\/\\\/jeromederieux.fr\\\/cmjn\\\/#primaryimage\"},\"image\":{\"@id\":\"https:\\\/\\\/jeromederieux.fr\\\/cmjn\\\/#primaryimage\"},\"thumbnailUrl\":\"https:\\\/\\\/jeromederieux.fr\\\/cmjn\\\/wp-content\\\/uploads\\\/2021\\\/06\\\/Logo-1.png\",\"datePublished\":\"2021-05-19T08:11:41+00:00\",\"dateModified\":\"2023-01-22T21:02:57+00:00\",\"description\":\"La PAO avec Gimp, Inkscape et Scribus. Les conseils et l'exp\u00e9rience d'un professionnel 100% libre.\",\"inLanguage\":\"fr-FR\",\"potentialAction\":[{\"@type\":\"ReadAction\",\"target\":[\"https:\\\/\\\/jeromederieux.fr\\\/cmjn\\\/\"]}]},{\"@type\":\"ImageObject\",\"inLanguage\":\"fr-FR\",\"@id\":\"https:\\\/\\\/jeromederieux.fr\\\/cmjn\\\/#primaryimage\",\"url\":\"https:\\\/\\\/jeromederieux.fr\\\/cmjn\\\/wp-content\\\/uploads\\\/2021\\\/06\\\/Logo-1.png\",\"contentUrl\":\"https:\\\/\\\/jeromederieux.fr\\\/cmjn\\\/wp-content\\\/uploads\\\/2021\\\/06\\\/Logo-1.png\",\"width\":659,\"height\":206},{\"@type\":\"WebSite\",\"@id\":\"https:\\\/\\\/jeromederieux.fr\\\/cmjn\\\/#website\",\"url\":\"https:\\\/\\\/jeromederieux.fr\\\/cmjn\\\/\",\"name\":\"cmjn\",\"description\":\"PAO libre avec Gimp, Inkscape et Scribus\",\"publisher\":{\"@id\":\"https:\\\/\\\/jeromederieux.fr\\\/cmjn\\\/#\\\/schema\\\/person\\\/44e133b5799f4cdbe8502c88afcb3227\"},\"potentialAction\":[{\"@type\":\"SearchAction\",\"target\":{\"@type\":\"EntryPoint\",\"urlTemplate\":\"https:\\\/\\\/jeromederieux.fr\\\/cmjn\\\/?s={search_term_string}\"},\"query-input\":{\"@type\":\"PropertyValueSpecification\",\"valueRequired\":true,\"valueName\":\"search_term_string\"}}],\"inLanguage\":\"fr-FR\"},{\"@type\":[\"Person\",\"Organization\"],\"@id\":\"https:\\\/\\\/jeromederieux.fr\\\/cmjn\\\/#\\\/schema\\\/person\\\/44e133b5799f4cdbe8502c88afcb3227\",\"name\":\"jerome\",\"logo\":{\"@id\":\"https:\\\/\\\/jeromederieux.fr\\\/cmjn\\\/#\\\/schema\\\/person\\\/image\\\/\"}}]}<\/script>\n<!-- \/ Yoast SEO plugin. -->","yoast_head_json":{"title":"- cmjn","description":"La PAO avec Gimp, Inkscape et Scribus. Les conseils et l'exp\u00e9rience d'un professionnel 100% libre.","robots":{"index":"noindex","follow":"follow"},"og_locale":"fr_FR","og_type":"article","og_title":"- cmjn","og_description":"La PAO avec Gimp, Inkscape et Scribus. Les conseils et l'exp\u00e9rience d'un professionnel 100% libre.","og_url":"https:\/\/jeromederieux.fr\/cmjn\/","og_site_name":"cmjn","article_modified_time":"2023-01-22T21:02:57+00:00","og_image":[{"url":"https:\/\/jeromederieux.fr\/cmjn\/wp-content\/uploads\/2021\/06\/Logo-1.png","type":"","width":"","height":""}],"twitter_card":"summary_large_image","twitter_misc":{"Dur\u00e9e de lecture estim\u00e9e":"1 minute"},"schema":{"@context":"https:\/\/schema.org","@graph":[{"@type":"WebPage","@id":"https:\/\/jeromederieux.fr\/cmjn\/","url":"https:\/\/jeromederieux.fr\/cmjn\/","name":"- cmjn","isPartOf":{"@id":"https:\/\/jeromederieux.fr\/cmjn\/#website"},"primaryImageOfPage":{"@id":"https:\/\/jeromederieux.fr\/cmjn\/#primaryimage"},"image":{"@id":"https:\/\/jeromederieux.fr\/cmjn\/#primaryimage"},"thumbnailUrl":"https:\/\/jeromederieux.fr\/cmjn\/wp-content\/uploads\/2021\/06\/Logo-1.png","datePublished":"2021-05-19T08:11:41+00:00","dateModified":"2023-01-22T21:02:57+00:00","description":"La PAO avec Gimp, Inkscape et Scribus. Les conseils et l'exp\u00e9rience d'un professionnel 100% libre.","inLanguage":"fr-FR","potentialAction":[{"@type":"ReadAction","target":["https:\/\/jeromederieux.fr\/cmjn\/"]}]},{"@type":"ImageObject","inLanguage":"fr-FR","@id":"https:\/\/jeromederieux.fr\/cmjn\/#primaryimage","url":"https:\/\/jeromederieux.fr\/cmjn\/wp-content\/uploads\/2021\/06\/Logo-1.png","contentUrl":"https:\/\/jeromederieux.fr\/cmjn\/wp-content\/uploads\/2021\/06\/Logo-1.png","width":659,"height":206},{"@type":"WebSite","@id":"https:\/\/jeromederieux.fr\/cmjn\/#website","url":"https:\/\/jeromederieux.fr\/cmjn\/","name":"cmjn","description":"PAO libre avec Gimp, Inkscape et Scribus","publisher":{"@id":"https:\/\/jeromederieux.fr\/cmjn\/#\/schema\/person\/44e133b5799f4cdbe8502c88afcb3227"},"potentialAction":[{"@type":"SearchAction","target":{"@type":"EntryPoint","urlTemplate":"https:\/\/jeromederieux.fr\/cmjn\/?s={search_term_string}"},"query-input":{"@type":"PropertyValueSpecification","valueRequired":true,"valueName":"search_term_string"}}],"inLanguage":"fr-FR"},{"@type":["Person","Organization"],"@id":"https:\/\/jeromederieux.fr\/cmjn\/#\/schema\/person\/44e133b5799f4cdbe8502c88afcb3227","name":"jerome","logo":{"@id":"https:\/\/jeromederieux.fr\/cmjn\/#\/schema\/person\/image\/"}}]}},"_links":{"self":[{"href":"https:\/\/jeromederieux.fr\/cmjn\/wp-json\/wp\/v2\/pages\/1312","targetHints":{"allow":["GET"]}}],"collection":[{"href":"https:\/\/jeromederieux.fr\/cmjn\/wp-json\/wp\/v2\/pages"}],"about":[{"href":"https:\/\/jeromederieux.fr\/cmjn\/wp-json\/wp\/v2\/types\/page"}],"author":[{"embeddable":true,"href":"https:\/\/jeromederieux.fr\/cmjn\/wp-json\/wp\/v2\/users\/1"}],"replies":[{"embeddable":true,"href":"https:\/\/jeromederieux.fr\/cmjn\/wp-json\/wp\/v2\/comments?post=1312"}],"version-history":[{"count":49,"href":"https:\/\/jeromederieux.fr\/cmjn\/wp-json\/wp\/v2\/pages\/1312\/revisions"}],"predecessor-version":[{"id":3013,"href":"https:\/\/jeromederieux.fr\/cmjn\/wp-json\/wp\/v2\/pages\/1312\/revisions\/3013"}],"wp:attachment":[{"href":"https:\/\/jeromederieux.fr\/cmjn\/wp-json\/wp\/v2\/media?parent=1312"}],"curies":[{"name":"wp","href":"https:\/\/api.w.org\/{rel}","templated":true}]}}