{"id":9,"date":"2019-10-02T12:44:29","date_gmt":"2019-10-02T10:44:29","guid":{"rendered":"http:\/\/jeromederieux.fr\/wordpress\/?page_id=9"},"modified":"2021-10-18T21:43:15","modified_gmt":"2021-10-18T19:43:15","slug":"a-propos-de","status":"publish","type":"page","link":"https:\/\/jeromederieux.fr\/cmjn\/a-propos-de\/","title":{"rendered":"\u00c0 propos de"},"content":{"rendered":"\n<p>Je suis graphiste Print depuis une vingtaine d&rsquo;ann\u00e9es. Principalement comme ind\u00e9pendant, mais aussi comme employ\u00e9 dans diff\u00e9rentes agences et structures.<br>Int\u00e9ress\u00e9 depuis longtemps par le monde du libre, apr\u00e8s des ann\u00e9es \u00e0 travailler avec des logiciels propri\u00e9taires, j&rsquo;ai eu la volont\u00e9, il y a sept ans, de concr\u00e9tiser cet int\u00e9r\u00eat en utilisant des logiciels libres pour mon activit\u00e9 professionnelle.<\/p>\n\n\n\n<p> Apr\u00e8s quelques tests encourageants j&rsquo;ai saut\u00e9 le pas&#8230; La transition s&rsquo;est faite sans r\u00e9ellement de probl\u00e8me, le plus \u00ab\u00a0compliqu\u00e9\u00a0\u00bb \u00e9tant de s&rsquo;habituer \u00e0 de nouvelles interfaces et changer quelques habitudes. Cependant, une fois les logiciels ma\u00eetris\u00e9s, j&rsquo;ai retrouv\u00e9 mes r\u00e9flexes et le changement d&rsquo;outils n&rsquo;a eu que des cons\u00e9quences positives sur mon travail, en premier lieu, le plaisir et la satisfaction de cr\u00e9er avec des logiciels libres.  <\/p>\n\n\n\n<p>Apr\u00e8s plusieurs ann\u00e9es d&rsquo;utilisation il m&rsquo;a paru naturel de partager mon exp\u00e9rience. Aider ceux qui utilisent d\u00e9j\u00e0 ces logiciels mais aussi motiver ceux qui aimeraient tenter l&rsquo;aventure du passage au libre.    <\/p>\n\n\n\n<p>Pour d\u00e9couvrir quelques-unes de mes r\u00e9alisations : <a rel=\"noreferrer noopener\" href=\"https:\/\/jeromederieux.fr\" target=\"_blank\">jeromederieux.fr<\/a><\/p>\n\n\n\n<div style=\"height:100px\" aria-hidden=\"true\" class=\"wp-block-spacer\"><\/div>\n\n\n\n<p><a href=\"https:\/\/jeromederieux.fr\/cmjn\/politique-de-confidentialite-2\/\" target=\"_blank\" rel=\"noreferrer noopener\">Politique de confidentialit\u00e9<\/a><\/p>\n","protected":false},"excerpt":{"rendered":"<p>Je suis graphiste Print depuis une vingtaine d&rsquo;ann\u00e9es. Principalement comme ind\u00e9pendant, mais aussi comme employ\u00e9 dans diff\u00e9rentes agences et structures.Int\u00e9ress\u00e9 depuis longtemps par le monde du libre, apr\u00e8s des ann\u00e9es \u00e0 travailler avec des logiciels propri\u00e9taires, j&rsquo;ai eu la volont\u00e9, il y a sept ans, de concr\u00e9tiser cet int\u00e9r\u00eat en utilisant des logiciels libres pour [&hellip;]<\/p>\n","protected":false},"author":1,"featured_media":0,"parent":0,"menu_order":0,"comment_status":"closed","ping_status":"closed","template":"","meta":{"footnotes":""},"class_list":["post-9","page","type-page","status-publish","hentry"],"yoast_head":"<!-- This site is optimized with the Yoast SEO plugin v26.4 - https:\/\/yoast.com\/wordpress\/plugins\/seo\/ -->\n<title>\u00c0 propos de - cmjn<\/title>\n<meta name=\"robots\" content=\"noindex, follow\" \/>\n<meta property=\"og:locale\" content=\"fr_FR\" \/>\n<meta property=\"og:type\" content=\"article\" \/>\n<meta property=\"og:title\" content=\"\u00c0 propos de - cmjn\" \/>\n<meta property=\"og:description\" content=\"Je suis graphiste Print depuis une vingtaine d&rsquo;ann\u00e9es. Principalement comme ind\u00e9pendant, mais aussi comme employ\u00e9 dans diff\u00e9rentes agences et structures.Int\u00e9ress\u00e9 depuis longtemps par le monde du libre, apr\u00e8s des ann\u00e9es \u00e0 travailler avec des logiciels propri\u00e9taires, j&rsquo;ai eu la volont\u00e9, il y a sept ans, de concr\u00e9tiser cet int\u00e9r\u00eat en utilisant des logiciels libres pour [&hellip;]\" \/>\n<meta property=\"og:url\" content=\"https:\/\/jeromederieux.fr\/cmjn\/a-propos-de\/\" \/>\n<meta property=\"og:site_name\" content=\"cmjn\" \/>\n<meta property=\"article:modified_time\" content=\"2021-10-18T19:43:15+00:00\" \/>\n<meta name=\"twitter:card\" content=\"summary_large_image\" \/>\n<meta name=\"twitter:label1\" content=\"Dur\u00e9e de lecture estim\u00e9e\" \/>\n\t<meta name=\"twitter:data1\" content=\"1 minute\" \/>\n<script type=\"application\/ld+json\" class=\"yoast-schema-graph\">{\"@context\":\"https:\/\/schema.org\",\"@graph\":[{\"@type\":\"WebPage\",\"@id\":\"https:\/\/jeromederieux.fr\/cmjn\/a-propos-de\/\",\"url\":\"https:\/\/jeromederieux.fr\/cmjn\/a-propos-de\/\",\"name\":\"\u00c0 propos de - cmjn\",\"isPartOf\":{\"@id\":\"https:\/\/jeromederieux.fr\/cmjn\/#website\"},\"datePublished\":\"2019-10-02T10:44:29+00:00\",\"dateModified\":\"2021-10-18T19:43:15+00:00\",\"breadcrumb\":{\"@id\":\"https:\/\/jeromederieux.fr\/cmjn\/a-propos-de\/#breadcrumb\"},\"inLanguage\":\"fr-FR\",\"potentialAction\":[{\"@type\":\"ReadAction\",\"target\":[\"https:\/\/jeromederieux.fr\/cmjn\/a-propos-de\/\"]}]},{\"@type\":\"BreadcrumbList\",\"@id\":\"https:\/\/jeromederieux.fr\/cmjn\/a-propos-de\/#breadcrumb\",\"itemListElement\":[{\"@type\":\"ListItem\",\"position\":1,\"name\":\"Accueil\",\"item\":\"https:\/\/jeromederieux.fr\/cmjn\/\"},{\"@type\":\"ListItem\",\"position\":2,\"name\":\"\u00c0 propos de\"}]},{\"@type\":\"WebSite\",\"@id\":\"https:\/\/jeromederieux.fr\/cmjn\/#website\",\"url\":\"https:\/\/jeromederieux.fr\/cmjn\/\",\"name\":\"cmjn\",\"description\":\"PAO libre avec Gimp, Inkscape et Scribus\",\"publisher\":{\"@id\":\"https:\/\/jeromederieux.fr\/cmjn\/#\/schema\/person\/44e133b5799f4cdbe8502c88afcb3227\"},\"potentialAction\":[{\"@type\":\"SearchAction\",\"target\":{\"@type\":\"EntryPoint\",\"urlTemplate\":\"https:\/\/jeromederieux.fr\/cmjn\/?s={search_term_string}\"},\"query-input\":{\"@type\":\"PropertyValueSpecification\",\"valueRequired\":true,\"valueName\":\"search_term_string\"}}],\"inLanguage\":\"fr-FR\"},{\"@type\":[\"Person\",\"Organization\"],\"@id\":\"https:\/\/jeromederieux.fr\/cmjn\/#\/schema\/person\/44e133b5799f4cdbe8502c88afcb3227\",\"name\":\"jerome\",\"logo\":{\"@id\":\"https:\/\/jeromederieux.fr\/cmjn\/#\/schema\/person\/image\/\"}}]}<\/script>\n<!-- \/ Yoast SEO plugin. -->","yoast_head_json":{"title":"\u00c0 propos de - cmjn","robots":{"index":"noindex","follow":"follow"},"og_locale":"fr_FR","og_type":"article","og_title":"\u00c0 propos de - cmjn","og_description":"Je suis graphiste Print depuis une vingtaine d&rsquo;ann\u00e9es. Principalement comme ind\u00e9pendant, mais aussi comme employ\u00e9 dans diff\u00e9rentes agences et structures.Int\u00e9ress\u00e9 depuis longtemps par le monde du libre, apr\u00e8s des ann\u00e9es \u00e0 travailler avec des logiciels propri\u00e9taires, j&rsquo;ai eu la volont\u00e9, il y a sept ans, de concr\u00e9tiser cet int\u00e9r\u00eat en utilisant des logiciels libres pour [&hellip;]","og_url":"https:\/\/jeromederieux.fr\/cmjn\/a-propos-de\/","og_site_name":"cmjn","article_modified_time":"2021-10-18T19:43:15+00:00","twitter_card":"summary_large_image","twitter_misc":{"Dur\u00e9e de lecture estim\u00e9e":"1 minute"},"schema":{"@context":"https:\/\/schema.org","@graph":[{"@type":"WebPage","@id":"https:\/\/jeromederieux.fr\/cmjn\/a-propos-de\/","url":"https:\/\/jeromederieux.fr\/cmjn\/a-propos-de\/","name":"\u00c0 propos de - cmjn","isPartOf":{"@id":"https:\/\/jeromederieux.fr\/cmjn\/#website"},"datePublished":"2019-10-02T10:44:29+00:00","dateModified":"2021-10-18T19:43:15+00:00","breadcrumb":{"@id":"https:\/\/jeromederieux.fr\/cmjn\/a-propos-de\/#breadcrumb"},"inLanguage":"fr-FR","potentialAction":[{"@type":"ReadAction","target":["https:\/\/jeromederieux.fr\/cmjn\/a-propos-de\/"]}]},{"@type":"BreadcrumbList","@id":"https:\/\/jeromederieux.fr\/cmjn\/a-propos-de\/#breadcrumb","itemListElement":[{"@type":"ListItem","position":1,"name":"Accueil","item":"https:\/\/jeromederieux.fr\/cmjn\/"},{"@type":"ListItem","position":2,"name":"\u00c0 propos de"}]},{"@type":"WebSite","@id":"https:\/\/jeromederieux.fr\/cmjn\/#website","url":"https:\/\/jeromederieux.fr\/cmjn\/","name":"cmjn","description":"PAO libre avec Gimp, Inkscape et Scribus","publisher":{"@id":"https:\/\/jeromederieux.fr\/cmjn\/#\/schema\/person\/44e133b5799f4cdbe8502c88afcb3227"},"potentialAction":[{"@type":"SearchAction","target":{"@type":"EntryPoint","urlTemplate":"https:\/\/jeromederieux.fr\/cmjn\/?s={search_term_string}"},"query-input":{"@type":"PropertyValueSpecification","valueRequired":true,"valueName":"search_term_string"}}],"inLanguage":"fr-FR"},{"@type":["Person","Organization"],"@id":"https:\/\/jeromederieux.fr\/cmjn\/#\/schema\/person\/44e133b5799f4cdbe8502c88afcb3227","name":"jerome","logo":{"@id":"https:\/\/jeromederieux.fr\/cmjn\/#\/schema\/person\/image\/"}}]}},"_links":{"self":[{"href":"https:\/\/jeromederieux.fr\/cmjn\/wp-json\/wp\/v2\/pages\/9","targetHints":{"allow":["GET"]}}],"collection":[{"href":"https:\/\/jeromederieux.fr\/cmjn\/wp-json\/wp\/v2\/pages"}],"about":[{"href":"https:\/\/jeromederieux.fr\/cmjn\/wp-json\/wp\/v2\/types\/page"}],"author":[{"embeddable":true,"href":"https:\/\/jeromederieux.fr\/cmjn\/wp-json\/wp\/v2\/users\/1"}],"replies":[{"embeddable":true,"href":"https:\/\/jeromederieux.fr\/cmjn\/wp-json\/wp\/v2\/comments?post=9"}],"version-history":[{"count":12,"href":"https:\/\/jeromederieux.fr\/cmjn\/wp-json\/wp\/v2\/pages\/9\/revisions"}],"predecessor-version":[{"id":2612,"href":"https:\/\/jeromederieux.fr\/cmjn\/wp-json\/wp\/v2\/pages\/9\/revisions\/2612"}],"wp:attachment":[{"href":"https:\/\/jeromederieux.fr\/cmjn\/wp-json\/wp\/v2\/media?parent=9"}],"curies":[{"name":"wp","href":"https:\/\/api.w.org\/{rel}","templated":true}]}}